{"id":1308,"date":"2023-07-03T10:32:56","date_gmt":"2023-07-03T08:32:56","guid":{"rendered":"https:\/\/test.nkal.nl\/?page_id=1308"},"modified":"2024-02-07T08:40:29","modified_gmt":"2024-02-07T07:40:29","slug":"patienten","status":"publish","type":"page","link":"https:\/\/test.nkal.nl\/index.php\/home\/patienten\/","title":{"rendered":"Pati\u00ebnten"},"content":{"rendered":"\t\t<div data-elementor-type=\"wp-page\" data-elementor-id=\"1308\" class=\"elementor elementor-1308\">\n\t\t\t\t\t\t\t\t\t<section class=\"elementor-section elementor-top-section elementor-element elementor-element-a454b7a elementor-section-boxed elementor-section-height-default elementor-section-height-default\" data-id=\"a454b7a\" data-element_type=\"section\">\n\t\t\t\t\t\t<div class=\"elementor-container elementor-column-gap-default\">\n\t\t\t\t\t<div class=\"elementor-column elementor-col-100 elementor-top-column elementor-element elementor-element-d045edd\" data-id=\"d045edd\" data-element_type=\"column\">\n\t\t\t<div class=\"elementor-widget-wrap elementor-element-populated\">\n\t\t\t\t\t\t\t\t<div class=\"elementor-element elementor-element-c6be62a elementor-widget elementor-widget-heading\" data-id=\"c6be62a\" data-element_type=\"widget\" data-widget_type=\"heading.default\">\n\t\t\t\t<div class=\"elementor-widget-container\">\n\t\t\t<style>\/*! elementor - v3.14.0 - 26-06-2023 *\/\n.elementor-heading-title{padding:0;margin:0;line-height:1}.elementor-widget-heading .elementor-heading-title[class*=elementor-size-]>a{color:inherit;font-size:inherit;line-height:inherit}.elementor-widget-heading .elementor-heading-title.elementor-size-small{font-size:15px}.elementor-widget-heading .elementor-heading-title.elementor-size-medium{font-size:19px}.elementor-widget-heading .elementor-heading-title.elementor-size-large{font-size:29px}.elementor-widget-heading .elementor-heading-title.elementor-size-xl{font-size:39px}.elementor-widget-heading .elementor-heading-title.elementor-size-xxl{font-size:59px}<\/style><h2 class=\"elementor-heading-title elementor-size-default\">Pati\u00ebnten<\/h2>\t\t<\/div>\n\t\t\t\t<\/div>\n\t\t\t\t\t<\/div>\n\t\t<\/div>\n\t\t\t\t\t\t\t<\/div>\n\t\t<\/section>\n\t\t\t\t<section class=\"elementor-section elementor-top-section elementor-element elementor-element-c0c265b elementor-section-boxed elementor-section-height-default elementor-section-height-default\" data-id=\"c0c265b\" data-element_type=\"section\">\n\t\t\t\t\t\t<div class=\"elementor-container elementor-column-gap-default\">\n\t\t\t\t\t<div class=\"elementor-column elementor-col-100 elementor-top-column elementor-element elementor-element-4860b9a\" data-id=\"4860b9a\" data-element_type=\"column\">\n\t\t\t<div class=\"elementor-widget-wrap elementor-element-populated\">\n\t\t\t\t\t\t\t\t<div class=\"elementor-element elementor-element-c6c6c71 elementor-widget elementor-widget-text-editor\" data-id=\"c6c6c71\" data-element_type=\"widget\" data-widget_type=\"text-editor.default\">\n\t\t\t\t<div class=\"elementor-widget-container\">\n\t\t\t<style>\/*! elementor - v3.14.0 - 26-06-2023 *\/\n.elementor-widget-text-editor.elementor-drop-cap-view-stacked .elementor-drop-cap{background-color:#69727d;color:#fff}.elementor-widget-text-editor.elementor-drop-cap-view-framed .elementor-drop-cap{color:#69727d;border:3px solid;background-color:transparent}.elementor-widget-text-editor:not(.elementor-drop-cap-view-default) .elementor-drop-cap{margin-top:8px}.elementor-widget-text-editor:not(.elementor-drop-cap-view-default) .elementor-drop-cap-letter{width:1em;height:1em}.elementor-widget-text-editor .elementor-drop-cap{float:left;text-align:center;line-height:1;font-size:50px}.elementor-widget-text-editor .elementor-drop-cap-letter{display:inline-block}<\/style>\t\t\t\t<p>Welkom bij het NKAL. Hier vindt u alle informatie die voor u als pati\u00ebnt van belang kan zijn over de gang van zaken v\u00f3\u00f3r, tijdens en na uw polikliniekafspraak. Op die manier kunt u zich hierop goed voorbereiden. Mocht u vragen hebben, stelt u die dan gerust aan onze medewerkers, voorafgaand aan of tijdens uw polikliniekbezoek.\u00a0Om u voor te bereiden op uw bezoek, kunt u hier informatie vinden over:<\/p>\t\t\t\t\t\t<\/div>\n\t\t\t\t<\/div>\n\t\t\t\t\t<\/div>\n\t\t<\/div>\n\t\t\t\t\t\t\t<\/div>\n\t\t<\/section>\n\t\t\t\t<section class=\"elementor-section elementor-top-section elementor-element elementor-element-f62a509 elementor-section-boxed elementor-section-height-default elementor-section-height-default\" data-id=\"f62a509\" data-element_type=\"section\">\n\t\t\t\t\t\t<div class=\"elementor-container elementor-column-gap-default\">\n\t\t\t\t\t<div class=\"elementor-column elementor-col-100 elementor-top-column elementor-element elementor-element-7300ebf\" data-id=\"7300ebf\" data-element_type=\"column\">\n\t\t\t<div class=\"elementor-widget-wrap elementor-element-populated\">\n\t\t\t\t\t\t\t\t<div class=\"elementor-element elementor-element-5eee43f elementor-widget elementor-widget-text-editor\" data-id=\"5eee43f\" data-element_type=\"widget\" data-widget_type=\"text-editor.default\">\n\t\t\t\t<div class=\"elementor-widget-container\">\n\t\t\t\t\t\t\t<ol><li><span style=\"text-decoration: underline;\"><a href=\"https:\/\/test.nkal.nl\/index.php\/voorbereiding\/\" target=\"_blank\" rel=\"noopener\">Voorbereiding<\/a><\/span><\/li><li><span style=\"text-decoration: underline;\"><span style=\"font-style: inherit; font-weight: inherit; background-color: var(--ast-global-color-4); color: var(--ast-global-color-3);\"><a href=\"https:\/\/test.nkal.nl\/index.php\/home\/patienten\/elementor-2048\/\" target=\"_blank\" rel=\"noopener\">Uw bezoek\u00a0<\/a><\/span><\/span><\/li><li><a href=\"https:\/\/test.nkal.nl\/index.php\/home\/patienten\/3-onderzoek\/\" target=\"_blank\" rel=\"noopener\"><span style=\"text-decoration: underline;\">Onderzoeken<\/span><\/a><\/li><li><a href=\"https:\/\/test.nkal.nl\/index.php\/home\/patienten\/4-kosten\/\" target=\"_blank\" rel=\"noopener\"><span style=\"text-decoration: underline;\">Kosten<\/span><\/a><\/li><li><a href=\"https:\/\/test.nkal.nl\/index.php\/5-registratie\/\" target=\"_blank\" rel=\"noopener\"><span style=\"text-decoration: underline;\">Registratie<\/span><\/a><\/li><li><a href=\"https:\/\/test.nkal.nl\/index.php\/6-rechten-plichten-en-klachtenafhandeling\/\" target=\"_blank\" rel=\"noopener\"><span style=\"text-decoration: underline;\">Rechten, plichten en klachtenafhandeling<\/span><\/a><\/li><\/ol>\t\t\t\t\t\t<\/div>\n\t\t\t\t<\/div>\n\t\t\t\t\t<\/div>\n\t\t<\/div>\n\t\t\t\t\t\t\t<\/div>\n\t\t<\/section>\n\t\t\t\t\t\t\t<\/div>\n\t\t","protected":false},"excerpt":{"rendered":"<p>Pati\u00ebnten Welkom bij het NKAL. Hier vindt u alle informatie die voor u als pati\u00ebnt van belang kan zijn over de gang van zaken v\u00f3\u00f3r, tijdens en na uw polikliniekafspraak. Op die manier kunt u zich hierop goed voorbereiden. Mocht u vragen hebben, stelt u die dan gerust aan onze medewerkers, voorafgaand aan of tijdens &hellip;<\/p>\n<p class=\"read-more\"> <a class=\"\" href=\"https:\/\/test.nkal.nl\/index.php\/home\/patienten\/\"> <span class=\"screen-reader-text\">Pati\u00ebnten<\/span> Read More &raquo;<\/a><\/p>\n","protected":false},"author":1,"featured_media":0,"parent":1154,"menu_order":0,"comment_status":"closed","ping_status":"closed","template":"","meta":{"site-sidebar-layout":"no-sidebar","site-content-layout":"page-builder","ast-global-header-display":"","ast-banner-title-visibility":"","ast-main-header-display":"","ast-hfb-above-header-display":"","ast-hfb-below-header-display":"","ast-hfb-mobile-header-display":"","site-post-title":"disabled","ast-breadcrumbs-content":"","ast-featured-img":"disabled","footer-sml-layout":"","theme-transparent-header-meta":"","adv-header-id-meta":"","stick-header-meta":"","header-above-stick-meta":"","header-main-stick-meta":"","header-below-stick-meta":"","footnotes":""},"class_list":["post-1308","page","type-page","status-publish","hentry"],"_links":{"self":[{"href":"https:\/\/test.nkal.nl\/index.php\/wp-json\/wp\/v2\/pages\/1308","targetHints":{"allow":["GET"]}}],"collection":[{"href":"https:\/\/test.nkal.nl\/index.php\/wp-json\/wp\/v2\/pages"}],"about":[{"href":"https:\/\/test.nkal.nl\/index.php\/wp-json\/wp\/v2\/types\/page"}],"author":[{"embeddable":true,"href":"https:\/\/test.nkal.nl\/index.php\/wp-json\/wp\/v2\/users\/1"}],"replies":[{"embeddable":true,"href":"https:\/\/test.nkal.nl\/index.php\/wp-json\/wp\/v2\/comments?post=1308"}],"version-history":[{"count":116,"href":"https:\/\/test.nkal.nl\/index.php\/wp-json\/wp\/v2\/pages\/1308\/revisions"}],"predecessor-version":[{"id":2132,"href":"https:\/\/test.nkal.nl\/index.php\/wp-json\/wp\/v2\/pages\/1308\/revisions\/2132"}],"up":[{"embeddable":true,"href":"https:\/\/test.nkal.nl\/index.php\/wp-json\/wp\/v2\/pages\/1154"}],"wp:attachment":[{"href":"https:\/\/test.nkal.nl\/index.php\/wp-json\/wp\/v2\/media?parent=1308"}],"curies":[{"name":"wp","href":"https:\/\/api.w.org\/{rel}","templated":true}]}}